{"id":1073,"date":"2020-03-23T09:37:41","date_gmt":"2020-03-23T08:37:41","guid":{"rendered":"https:\/\/www.cablanc.com\/accueil\/?page_id=1073"},"modified":"2023-01-23T14:29:14","modified_gmt":"2023-01-23T13:29:14","slug":"politique-confidentialite","status":"publish","type":"page","link":"https:\/\/www.cablanc.com\/accueil\/politique-confidentialite\/","title":{"rendered":"Politique de confidentitali\u00e9"},"content":{"rendered":"<section><div class=\"container\"><div class=\"row\"><div class=\"wpb_column hcode-column-container vc_col-sm-12 col-xs-mobile-fullwidth\" data-front-class=\"col-xs-mobile-fullwidth\"><div class=\"vc-column-innner-wrapper\"><h1>Notre politique de protection de la vie priv\u00e9e<\/h1>\n<p>&nbsp;<\/p>\n<p>La pr\u00e9sente charte d\u00e9crit les pratiques mises en \u0153uvre par L'\u00c9colieu de Cablanc dans le cadre de l\u2019utilisation de son site internet <a href=\"https:\/\/www.cablanc.com\/\">www.cablanc.com<\/a>.<\/p>\n<p>Le terme \u00ab donn\u00e9e personnelle \u00bb d\u00e9signe, au sein de la pr\u00e9sente charte, toute information se rapportant \u00e0 une personne physique identifi\u00e9e ou identifiable directement ou indirectement.<\/p>\n<h3>1. Responsable du traitement<\/h3>\n<p>Vos donn\u00e9es personnelles sont collect\u00e9es par l'\u00c9colieu de Cablanc, qui est le responsable du traitement, Association d\u00e9clar\u00e9e RNA W241002508, SIRET : 821 043 742 00013, Si\u00e8ge social : L'\u00e9colieu de Cablanc, 24240 Saussignac<\/p>\n<p>Repr\u00e9sent\u00e9e par V\u00e9ronique BOUCH\u00c9-THELLIER en sa qualit\u00e9 de G\u00e9rante.<\/p>\n<p>&nbsp;<\/p>\n<h3>2.1. Collecte des donn\u00e9es<\/h3>\n<p>L'\u00c9colieu de Cablanc collecte certaines de vos donn\u00e9es personnelles dans les cas suivants :<br \/>\n\u2013 Utilisation du formulaire de contact : nom et adresse email<\/p>\n<p>Ces 2 mentions sont obligatoires pour r\u00e9pondre \u00e0 votre demande.<\/p>\n<p>Ces donn\u00e9es personnelles sont conserv\u00e9es jusqu\u2019\u00e0 la fin des \u00e9changes de mails entre vous et l'\u00c9colieu de Cablanc.<\/p>\n<p>Lors de la consultation du site Internet, des fichiers cookies sont install\u00e9s sur votre terminal \u00e0 des fins analytiques et d\u2019am\u00e9lioration fonctionnelle, afin de nous permettre d\u2019optimiser votre exp\u00e9rience en ligne (voir 3.COOKIES).<\/p>\n<p>&nbsp;<\/p>\n<h3>2.2. Destinataire des donn\u00e9es<\/h3>\n<p>Les informations sont collect\u00e9es par l'\u00c9colieu de Cablanc, responsable du traitement.<\/p>\n<p>&nbsp;<\/p>\n<h3>2.3. H\u00e9bergement des donn\u00e9es personnelles<\/h3>\n<p>Vos donn\u00e9es personnelles sont stock\u00e9es sur des serveurs s\u00e9curis\u00e9s situ\u00e9s chez notre h\u00e9bergeur.\u00a0\u2028Conform\u00e9ment aux obligations l\u00e9gales, ces informations sont conserv\u00e9es dans des conditions de s\u00e9curit\u00e9 renforc\u00e9es et selon des dur\u00e9es limit\u00e9es dans le temps, proportionnelles aux finalit\u00e9s pour lesquelles vous nous les avez communiqu\u00e9es.<\/p>\n<p>Les sous-traitants et prestataires sont li\u00e9s par contrat avec l'\u00c9colieu de Cablanc, qui int\u00e8grera les clauses contractuelles relatives \u00e0 la protection de vos donn\u00e9es personnelles. Ceux-ci se doivent de garantir un niveau de s\u00e9curit\u00e9 optimal.<\/p>\n<p>&nbsp;<\/p>\n<h3>2.4. Vos droits<\/h3>\n<p>Conform\u00e9ment \u00e0 l\u2019article 15 et suivants du R\u00e8glement g\u00e9n\u00e9ral sur la protection des donn\u00e9es (RGPD), vous disposez d\u2019un droit d\u2019acc\u00e8s, de modification, de rectification et de suppression des donn\u00e9es qui vous concernent.<\/p>\n<p>Pour exercer ce droit, adressez-vous par email, \u00e0 : <a href=\"mailto:cablanc@orange.fr\">cablanc@orange.fr<\/a><\/p>\n<h3>3. Cookies<\/h3>\n<p>Les cookies (petits textes envoy\u00e9s par le site \u00e0 votre navigateur et stock\u00e9s sur votre ordinateur) ne nous permettent pas de vous identifier, mais ils enregistrent des informations en fonction de l\u2019utilisation que vous faites de notre site.<\/p>\n<p>l'\u00c9colieu de Cablanc utilise des cookies pour collecter des informations \u00e0 des fins analytiques et d\u2019am\u00e9lioration fonctionnelle, afin de nous permettre d\u2019optimiser votre exp\u00e9rience en ligne.<\/p>\n<p>Les cookies sont conserv\u00e9s 13 mois.<\/p>\n<p>En cliquant sur \u00ab accepter et continuer sur le site \u00bb, vous acceptez l\u2019utilisation des cookies.<br \/>\nCe message n\u2019appara\u00eetra que lors de votre premi\u00e8re visite sur notre site Internet.<br \/>\nIl vous est possible de param\u00e9trer votre navigateur afin d\u2019accepter ou de refuser au cas par cas les cookies pr\u00e9alablement \u00e0 leur installation.<br \/>\nVous pouvez \u00e9galement r\u00e9guli\u00e8rement supprimer les cookies de votre terminal via votre navigateur.<\/p>\n<p>Pour la gestion des cookies et les choix de l\u2019utilisateur, la configuration de chaque navigateur est diff\u00e9rente. Vous pouvez exprimer et modifier \u00e0 tout moment vos souhaits en mati\u00e8re de cookies, par les moyens d\u00e9crits ci-dessous.<br \/>\nVous pouvez d\u00e9sactiver les cookies en suivant les instructions comme suit :<\/p>\n<p><strong>Si vous utilisez le navigateur Internet Explorer<\/strong><\/p>\n<p>Dans Internet Explorer, cliquez sur le bouton Outils, puis sur Options Internet. Sous l\u2019onglet G\u00e9n\u00e9ral, sous Historique de navigation, cliquez sur Param\u00e8tres. &gt; Cliquez sur le bouton Afficher les fichiers. &gt; Cliquez sur l\u2019en-t\u00eate de colonne Nom pour trier tous les fichiers dans l\u2019ordre alphab\u00e9tique, puis parcourez la liste jusqu\u2019\u00e0 ce que vous voyiez des fichiers commen\u00e7ant par le pr\u00e9fixe \u00bb Cookie \u00ab. (Tous les cookies poss\u00e8dent ce pr\u00e9fixe et contiennent habituellement le nom du site Web qui a cr\u00e9\u00e9 le cookie). &gt; S\u00e9lectionnez le ou les cookies et supprimez-les &gt; Fermez la fen\u00eatre qui contient la liste des fichiers, puis cliquez deux fois sur OK pour retourner dans Internet Explorer.<\/p>\n<p><strong>Si vous utilisez le navigateur Firefox<\/strong><\/p>\n<p>Allez dans l\u2019onglet \u00bb Outils \u00ab du navigateur puis s\u00e9lectionnez le menu \u00bb Options \u00ab Dans la fen\u00eatre qui s\u2019affiche, choisissez \u00bb Vie priv\u00e9e \u00ab et cliquez sur \u00bb Affichez les cookies &gt; S\u00e9lectionnez le ou les cookies et supprimez-les<\/p>\n<p><strong>Si vous utilisez le navigateur Safari<\/strong><\/p>\n<p>Dans votre navigateur, choisissez le menu \u00c9dition &gt; Pr\u00e9f\u00e9rences. Cliquez sur S\u00e9curit\u00e9. &gt; Cliquez sur Afficher les cookies. S\u00e9lectionnez-le ou les cookies et supprimez-les &gt; Apr\u00e8s avoir supprim\u00e9 les cookies, cliquez sur Termin\u00e9.<\/p>\n<p><strong>Si vous utilisez le navigateur Google Chrome<\/strong><\/p>\n<p>Cliquez sur l\u2019ic\u00f4ne du menu Outils. &gt; S\u00e9lectionnez Options. &gt; Cliquez sur l\u2019onglet Options avanc\u00e9es et acc\u00e9dez \u00e0 la section \u201cConfidentialit\u00e9\u201d. &gt; Cliquez sur le bouton &gt; Afficher les cookies &gt;S\u00e9lectionnez le ou les cookies et supprimez-les Cliquez sur \u00bb Fermer \u00ab pour revenir \u00e0 votre navigateur<\/p>\n<\/div><\/div><\/div><\/div><\/section>","protected":false},"excerpt":{"rendered":"<p>Notre politique de protection de la vie priv\u00e9e &nbsp; La pr\u00e9sente charte d\u00e9crit les pratiques mises en \u0153uvre par L&rsquo;\u00c9colieu de Cablanc dans le cadre de l\u2019utilisation de son site internet www.cablanc.com. Le terme \u00ab donn\u00e9e personnelle \u00bb d\u00e9signe, au sein de la pr\u00e9sente charte, toute information se rapportant \u00e0 une personne physique identifi\u00e9e ou [&hellip;]<\/p>\n","protected":false},"author":4,"featured_media":0,"parent":0,"menu_order":0,"comment_status":"closed","ping_status":"closed","template":"","meta":{"footnotes":""},"yoast_head":"<!-- This site is optimized with the Yoast SEO plugin v22.7 - https:\/\/yoast.com\/wordpress\/plugins\/seo\/ -->\n<title>Politique de confidentitali\u00e9<\/title>\n<meta name=\"robots\" content=\"index, follow, max-snippet:-1, max-image-preview:large, max-video-preview:-1\" \/>\n<link rel=\"canonical\" href=\"https:\/\/www.cablanc.com\/accueil\/politique-confidentialite\/\" \/>\n<meta property=\"og:locale\" content=\"fr_FR\" \/>\n<meta property=\"og:type\" content=\"article\" \/>\n<meta property=\"og:title\" content=\"Politique de confidentitali\u00e9\" \/>\n<meta property=\"og:description\" content=\"Notre politique de protection de la vie priv\u00e9e &nbsp; La pr\u00e9sente charte d\u00e9crit les pratiques mises en \u0153uvre par L&#039;\u00c9colieu de Cablanc dans le cadre de l\u2019utilisation de son site internet www.cablanc.com. Le terme \u00ab donn\u00e9e personnelle \u00bb d\u00e9signe, au sein de la pr\u00e9sente charte, toute information se rapportant \u00e0 une personne physique identifi\u00e9e ou [&hellip;]\" \/>\n<meta property=\"og:url\" content=\"https:\/\/www.cablanc.com\/accueil\/politique-confidentialite\/\" \/>\n<meta property=\"og:site_name\" content=\"Cablanc - Les vacances authentiques en Dordogne\" \/>\n<meta property=\"article:modified_time\" content=\"2023-01-23T13:29:14+00:00\" \/>\n<meta name=\"twitter:card\" content=\"summary_large_image\" \/>\n<meta name=\"twitter:label1\" content=\"Dur\u00e9e de lecture estim\u00e9e\" \/>\n\t<meta name=\"twitter:data1\" content=\"4 minutes\" \/>\n<script type=\"application\/ld+json\" class=\"yoast-schema-graph\">{\"@context\":\"https:\/\/schema.org\",\"@graph\":[{\"@type\":\"WebPage\",\"@id\":\"https:\/\/www.cablanc.com\/accueil\/politique-confidentialite\/\",\"url\":\"https:\/\/www.cablanc.com\/accueil\/politique-confidentialite\/\",\"name\":\"Politique de confidentitali\u00e9\",\"isPartOf\":{\"@id\":\"https:\/\/www.cablanc.com\/accueil\/#website\"},\"datePublished\":\"2020-03-23T08:37:41+00:00\",\"dateModified\":\"2023-01-23T13:29:14+00:00\",\"breadcrumb\":{\"@id\":\"https:\/\/www.cablanc.com\/accueil\/politique-confidentialite\/#breadcrumb\"},\"inLanguage\":\"fr-FR\",\"potentialAction\":[{\"@type\":\"ReadAction\",\"target\":[\"https:\/\/www.cablanc.com\/accueil\/politique-confidentialite\/\"]}]},{\"@type\":\"BreadcrumbList\",\"@id\":\"https:\/\/www.cablanc.com\/accueil\/politique-confidentialite\/#breadcrumb\",\"itemListElement\":[{\"@type\":\"ListItem\",\"position\":1,\"name\":\"Accueil\",\"item\":\"https:\/\/www.cablanc.com\/accueil\/\"},{\"@type\":\"ListItem\",\"position\":2,\"name\":\"Politique de confidentitali\u00e9\"}]},{\"@type\":\"WebSite\",\"@id\":\"https:\/\/www.cablanc.com\/accueil\/#website\",\"url\":\"https:\/\/www.cablanc.com\/accueil\/\",\"name\":\"Cablanc - Les vacances authentiques en Dordogne\",\"description\":\"\",\"potentialAction\":[{\"@type\":\"SearchAction\",\"target\":{\"@type\":\"EntryPoint\",\"urlTemplate\":\"https:\/\/www.cablanc.com\/accueil\/?s={search_term_string}\"},\"query-input\":\"required name=search_term_string\"}],\"inLanguage\":\"fr-FR\"}]}<\/script>\n<!-- \/ Yoast SEO plugin. -->","yoast_head_json":{"title":"Politique de confidentitali\u00e9","robots":{"index":"index","follow":"follow","max-snippet":"max-snippet:-1","max-image-preview":"max-image-preview:large","max-video-preview":"max-video-preview:-1"},"canonical":"https:\/\/www.cablanc.com\/accueil\/politique-confidentialite\/","og_locale":"fr_FR","og_type":"article","og_title":"Politique de confidentitali\u00e9","og_description":"Notre politique de protection de la vie priv\u00e9e &nbsp; La pr\u00e9sente charte d\u00e9crit les pratiques mises en \u0153uvre par L'\u00c9colieu de Cablanc dans le cadre de l\u2019utilisation de son site internet www.cablanc.com. Le terme \u00ab donn\u00e9e personnelle \u00bb d\u00e9signe, au sein de la pr\u00e9sente charte, toute information se rapportant \u00e0 une personne physique identifi\u00e9e ou [&hellip;]","og_url":"https:\/\/www.cablanc.com\/accueil\/politique-confidentialite\/","og_site_name":"Cablanc - Les vacances authentiques en Dordogne","article_modified_time":"2023-01-23T13:29:14+00:00","twitter_card":"summary_large_image","twitter_misc":{"Dur\u00e9e de lecture estim\u00e9e":"4 minutes"},"schema":{"@context":"https:\/\/schema.org","@graph":[{"@type":"WebPage","@id":"https:\/\/www.cablanc.com\/accueil\/politique-confidentialite\/","url":"https:\/\/www.cablanc.com\/accueil\/politique-confidentialite\/","name":"Politique de confidentitali\u00e9","isPartOf":{"@id":"https:\/\/www.cablanc.com\/accueil\/#website"},"datePublished":"2020-03-23T08:37:41+00:00","dateModified":"2023-01-23T13:29:14+00:00","breadcrumb":{"@id":"https:\/\/www.cablanc.com\/accueil\/politique-confidentialite\/#breadcrumb"},"inLanguage":"fr-FR","potentialAction":[{"@type":"ReadAction","target":["https:\/\/www.cablanc.com\/accueil\/politique-confidentialite\/"]}]},{"@type":"BreadcrumbList","@id":"https:\/\/www.cablanc.com\/accueil\/politique-confidentialite\/#breadcrumb","itemListElement":[{"@type":"ListItem","position":1,"name":"Accueil","item":"https:\/\/www.cablanc.com\/accueil\/"},{"@type":"ListItem","position":2,"name":"Politique de confidentitali\u00e9"}]},{"@type":"WebSite","@id":"https:\/\/www.cablanc.com\/accueil\/#website","url":"https:\/\/www.cablanc.com\/accueil\/","name":"Cablanc - Les vacances authentiques en Dordogne","description":"","potentialAction":[{"@type":"SearchAction","target":{"@type":"EntryPoint","urlTemplate":"https:\/\/www.cablanc.com\/accueil\/?s={search_term_string}"},"query-input":"required name=search_term_string"}],"inLanguage":"fr-FR"}]}},"_links":{"self":[{"href":"https:\/\/www.cablanc.com\/accueil\/wp-json\/wp\/v2\/pages\/1073"}],"collection":[{"href":"https:\/\/www.cablanc.com\/accueil\/wp-json\/wp\/v2\/pages"}],"about":[{"href":"https:\/\/www.cablanc.com\/accueil\/wp-json\/wp\/v2\/types\/page"}],"author":[{"embeddable":true,"href":"https:\/\/www.cablanc.com\/accueil\/wp-json\/wp\/v2\/users\/4"}],"replies":[{"embeddable":true,"href":"https:\/\/www.cablanc.com\/accueil\/wp-json\/wp\/v2\/comments?post=1073"}],"version-history":[{"count":0,"href":"https:\/\/www.cablanc.com\/accueil\/wp-json\/wp\/v2\/pages\/1073\/revisions"}],"wp:attachment":[{"href":"https:\/\/www.cablanc.com\/accueil\/wp-json\/wp\/v2\/media?parent=1073"}],"curies":[{"name":"wp","href":"https:\/\/api.w.org\/{rel}","templated":true}]}}