{"id":2172,"date":"2024-01-19T15:56:31","date_gmt":"2024-01-19T14:56:31","guid":{"rendered":"https:\/\/www.cablanc.com\/accueil\/?page_id=2172"},"modified":"2025-03-08T18:02:37","modified_gmt":"2025-03-08T17:02:37","slug":"ferme-fruitiere","status":"publish","type":"page","link":"https:\/\/www.cablanc.com\/accueil\/ferme-fruitiere\/","title":{"rendered":"Ferme fruiti\u00e8re"},"content":{"rendered":"<section  class=\"hcode-row-1 no-padding sm-no-padding xs-no-padding bg-image-srcset cover-background\" style=\"background-image: url(https:\/\/www.cablanc.com\/wp-content\/uploads\/2024\/01\/cablanc-ferme-fruitiere.jpg);\" data-bg-srcset=\"https:\/\/www.cablanc.com\/wp-content\/uploads\/2024\/01\/cablanc-ferme-fruitiere.jpg 2000w, https:\/\/www.cablanc.com\/wp-content\/uploads\/2024\/01\/cablanc-ferme-fruitiere-300x58.jpg 300w, https:\/\/www.cablanc.com\/wp-content\/uploads\/2024\/01\/cablanc-ferme-fruitiere-1024x199.jpg 1024w, https:\/\/www.cablanc.com\/wp-content\/uploads\/2024\/01\/cablanc-ferme-fruitiere-768x149.jpg 768w, https:\/\/www.cablanc.com\/wp-content\/uploads\/2024\/01\/cablanc-ferme-fruitiere-1536x299.jpg 1536w, https:\/\/www.cablanc.com\/wp-content\/uploads\/2024\/01\/cablanc-ferme-fruitiere-81x16.jpg 81w\"><div class=\"wpb_column hcode-column-container no-padding sm-no-padding xs-no-padding no-margin sm-no-margin xs-no-margin vc_col-sm-12 col-xs-mobile-fullwidth\" data-front-class=\"no-padding sm-no-padding xs-no-padding no-margin sm-no-margin xs-no-margin col-xs-mobile-fullwidth\"><div class=\"vc-column-innner-wrapper\"><\/div><\/div><\/section><section class=\"no-padding sm-no-padding xs-no-padding\"><div class=\"wpb_column hcode-column-container no-padding sm-no-padding xs-no-padding no-margin sm-no-margin xs-no-margin vc_col-sm-12 col-xs-mobile-fullwidth\" data-front-class=\"no-padding sm-no-padding xs-no-padding no-margin sm-no-margin xs-no-margin col-xs-mobile-fullwidth\"><div class=\"vc-column-innner-wrapper\">[vc_empty_space height=\"20px\" css=\".vc_custom_1493901719403{background-color: #a4ab5e !important;}\"]<\/div><\/div><\/section><section class=\"no-padding sm-no-padding xs-no-padding no-margin sm-no-margin xs-no-margin\"><div class=\"container\"><div class=\"row\"><div class=\"wpb_column hcode-column-container vc_col-sm-11 vc_col-xs-10\"><div class=\"vc-column-innner-wrapper\"><div class=\"trad\"><p><code><div id=\"flags\" class=\"size18\"><ul id=\"sortable\" class=\"ui-sortable\" style=\"float:left\"><li id=\"Dutch\"><a href=\"#\" title=\"Dutch\" class=\"nturl notranslate nl flag Dutch\"><\/a><\/li><li id=\"English\"><a href=\"#\" title=\"English\" class=\"nturl notranslate en flag English\"><\/a><\/li><li id=\"Spanish\"><a href=\"#\" title=\"Spanish\" class=\"nturl notranslate es flag Spanish\"><\/a><\/li><li id=\"French\"><a href=\"#\" title=\"French\" class=\"nturl notranslate fr flag French\"><\/a><\/li><\/ul><\/div><div id=\"google_language_translator\" class=\"default-language-fr\"><\/div><\/code><\/p>\n<\/div><\/div><\/div><div class=\"wpb_column hcode-column-container vc_col-sm-1 vc_col-xs-2\"><div class=\"vc-column-innner-wrapper\">[vc_empty_space height=\"8px\"]<img loading=\"lazy\" decoding=\"async\" width=\"16\" height=\"13\" src=\"https:\/\/www.cablanc.com\/wp-content\/uploads\/2017\/05\/600px-Gay_flag.jpg\" class=\"\" alt=\"drapeau gay friendly\" \/><\/div><\/div><\/div><\/div><\/section><section class=\" vc_custom_1741422235246 row-equal-height row-content-bottom hcode-row-2\"><div class=\"container\"><div class=\"row hcode-row-flex\"><div class=\"wpb_column hcode-column-container  vc_custom_1682663126587 text-center padding-three vc_col-sm-12 col-xs-mobile-fullwidth\" data-front-class=\" vc_custom_1682663126587 text-center padding-three col-xs-mobile-fullwidth\"><div class=\"vc-column-innner-wrapper\"><div class=\"white\"><p style=\"text-align: center;\"><strong>- ENTRACTE \u00c0 CABLANC -<\/strong><\/p>\n<p style=\"text-align: center;\"><b>Cette saison, Cablanc sera en pause, nous ne prenons pas de r\u00e9servation.<\/b><\/p>\n<\/div><\/div><\/div><\/div><\/div><\/section><section class=\"hcode-row-3\"><div class=\"container\"><div class=\"row\"><div class=\"wpb_column hcode-column-container vc_col-sm-12 col-xs-mobile-fullwidth\" data-front-class=\"col-xs-mobile-fullwidth\"><div class=\"vc-column-innner-wrapper\"><div class=\"intro\"><h1 style=\"text-align: center;\">Cablanc, ferme fruiti\u00e8re biologique et bio-logique<!-- notionvc: b50ca5ad-8d47-4fa7-9450-2509ef6d6a77 --><\/h1>\n<p>&nbsp;<\/p>\n<p style=\"text-align: center;\">Pour un mode de vie plus durable et respectueux de notre plan\u00e8te<!-- notionvc: 42f41fb3-3155-4550-b3f5-c24e6d70b25e --><\/p>\n<\/div><\/div><\/div><\/div><\/div><\/section><section class=\"row-equal-height row-content-top hcode-row-4\"><div class=\"container\"><div class=\"row hcode-row-flex\"><div class=\"wpb_column hcode-column-container text-center sm-text-center xs-text-center xs-padding-eight-bottom vc_col-sm-4 col-xs-mobile-fullwidth\" data-front-class=\"text-center sm-text-center xs-text-center xs-padding-eight-bottom col-xs-mobile-fullwidth\"><div class=\"vc-column-innner-wrapper\"><img loading=\"lazy\" decoding=\"async\" width=\"445\" height=\"445\" src=\"https:\/\/www.cablanc.com\/wp-content\/uploads\/2024\/01\/cablanc-fruits-production.jpg\" class=\" zoom\" alt=\"\" srcset=\"https:\/\/www.cablanc.com\/wp-content\/uploads\/2024\/01\/cablanc-fruits-production.jpg 445w, https:\/\/www.cablanc.com\/wp-content\/uploads\/2024\/01\/cablanc-fruits-production-300x300.jpg 300w, https:\/\/www.cablanc.com\/wp-content\/uploads\/2024\/01\/cablanc-fruits-production-150x150.jpg 150w, https:\/\/www.cablanc.com\/wp-content\/uploads\/2024\/01\/cablanc-fruits-production-81x81.jpg 81w\" sizes=\"(max-width: 445px) 100vw, 445px\" \/><\/div><\/div><div class=\"wpb_column hcode-column-container text-center sm-text-center xs-text-center xs-padding-eight-bottom vc_col-sm-4 col-xs-mobile-fullwidth\" data-front-class=\"text-center sm-text-center xs-text-center xs-padding-eight-bottom col-xs-mobile-fullwidth\"><div class=\"vc-column-innner-wrapper\"><img loading=\"lazy\" decoding=\"async\" width=\"445\" height=\"445\" src=\"https:\/\/www.cablanc.com\/wp-content\/uploads\/2024\/01\/cablanc-ferme-recolte.jpg\" class=\" zoom\" alt=\"\" srcset=\"https:\/\/www.cablanc.com\/wp-content\/uploads\/2024\/01\/cablanc-ferme-recolte.jpg 445w, https:\/\/www.cablanc.com\/wp-content\/uploads\/2024\/01\/cablanc-ferme-recolte-300x300.jpg 300w, https:\/\/www.cablanc.com\/wp-content\/uploads\/2024\/01\/cablanc-ferme-recolte-150x150.jpg 150w, https:\/\/www.cablanc.com\/wp-content\/uploads\/2024\/01\/cablanc-ferme-recolte-81x81.jpg 81w\" sizes=\"(max-width: 445px) 100vw, 445px\" \/><\/div><\/div><div class=\"wpb_column hcode-column-container text-center sm-text-center xs-text-center xs-padding-eight-bottom vc_col-sm-4 col-xs-mobile-fullwidth\" data-front-class=\"text-center sm-text-center xs-text-center xs-padding-eight-bottom col-xs-mobile-fullwidth\"><div class=\"vc-column-innner-wrapper\"><img loading=\"lazy\" decoding=\"async\" width=\"445\" height=\"445\" src=\"https:\/\/www.cablanc.com\/wp-content\/uploads\/2024\/01\/cablanc-ferme-transformation.jpg\" class=\" zoom\" alt=\"\" srcset=\"https:\/\/www.cablanc.com\/wp-content\/uploads\/2024\/01\/cablanc-ferme-transformation.jpg 445w, https:\/\/www.cablanc.com\/wp-content\/uploads\/2024\/01\/cablanc-ferme-transformation-300x300.jpg 300w, https:\/\/www.cablanc.com\/wp-content\/uploads\/2024\/01\/cablanc-ferme-transformation-150x150.jpg 150w, https:\/\/www.cablanc.com\/wp-content\/uploads\/2024\/01\/cablanc-ferme-transformation-81x81.jpg 81w\" sizes=\"(max-width: 445px) 100vw, 445px\" \/><\/div><\/div><\/div><\/div><\/section><section class=\"hcode-row-5\"><div class=\"container\"><div class=\"row\"><div class=\"wpb_column hcode-column-container vc_col-sm-2 col-xs-mobile-fullwidth\" data-front-class=\"col-xs-mobile-fullwidth\"><div class=\"vc-column-innner-wrapper\"><\/div><\/div><div class=\"wpb_column hcode-column-container vc_col-sm-8 col-xs-mobile-fullwidth\" data-front-class=\"col-xs-mobile-fullwidth\"><div class=\"vc-column-innner-wrapper\"><div class=\"v2\"><h2 style=\"text-align: center;\">Le bon sens d'hier, avec les m\u00e9thodes d'aujourd'hui, pour les d\u00e9fis de demain !<!-- notionvc: c8f147d3-e254-4289-b0ab-ec508ac7162b --><\/h2>\n<p>&nbsp;<\/p>\n<p>Au fil des exp\u00e9riences, nous \u00e9voluons vers une\u00a0<strong>agriculture r\u00e9g\u00e9n\u00e9rative<\/strong>, une agriculture productive en restaurant\u00a0la fertilit\u00e9 des sols et la sant\u00e9 du v\u00e9g\u00e9tal par des processus naturels.<\/p>\n<p>Depuis 12 ans, nous travaillons pour l'\u00e9closion d\u2019une\u00a0<strong>agriculture du vivant<\/strong>\u00a0en rupture avec le mod\u00e8le agricole dominant, notre ambition est de participer \u00e0 l\u2019\u00e9laboration d\u2019un\u00a0autre rapport \u00e0 la terre\u00a0dans la mani\u00e8re de la cultiver. Contrairement aux discours des lobbyistes de l\u2019agro-industrie, nous avons prouv\u00e9 avec tant d'autres fermes r\u00e9silientes, qu\u2019il \u00e9tait possible de produire des fruits et l\u00e9gumes de\u00a0qualit\u00e9\u00a0avec un\u00a0impact environnemental positif.<\/p>\n<p><strong>La Ferme de Cablanc<\/strong> est un lieu exp\u00e9rimental, au croisement des pratiques agro\u00e9cologiques : <strong>permaculture<\/strong>, arboriculture fruiti\u00e8re, agroforesterie s\u2019entrem\u00ealent pour cr\u00e9er une agriculture o\u00f9 l'habitat permacole (explor\u00e9 dans toutes ses dimensions sur l'\u00e9colieu) favorise la biodiversit\u00e9, la fertilit\u00e9 et la bonne gestion des ressources.<!-- notionvc: ff9be050-8d98-476c-b85f-06456c31ef0b --><\/p>\n<p>&nbsp;<\/p>\n<p style=\"text-align: center; font-size: 24px;\"><strong>\u00c0 la vente, nos d\u00e9licieux coulis de fruits rouges, compotes, confitures &amp; sorbets... !<\/strong><\/p>\n<\/div><\/div><\/div><div class=\"wpb_column hcode-column-container vc_col-sm-2 col-xs-mobile-fullwidth\" data-front-class=\"col-xs-mobile-fullwidth\"><div class=\"vc-column-innner-wrapper\"><\/div><\/div><\/div><\/div><\/section><section class=\"row-equal-height row-content-top hcode-row-6\"><div class=\"container\"><div class=\"row hcode-row-flex\"><div class=\"wpb_column hcode-column-container text-center sm-text-center xs-text-center xs-padding-eight-bottom vc_col-sm-3 col-xs-mobile-fullwidth\" data-front-class=\"text-center sm-text-center xs-text-center xs-padding-eight-bottom col-xs-mobile-fullwidth\"><div class=\"vc-column-innner-wrapper\"><img loading=\"lazy\" decoding=\"async\" width=\"500\" height=\"500\" src=\"https:\/\/www.cablanc.com\/wp-content\/uploads\/2024\/01\/cablanc-compote-pomme-prune-fruits-rouges.jpg\" class=\" zoom\" alt=\"\" srcset=\"https:\/\/www.cablanc.com\/wp-content\/uploads\/2024\/01\/cablanc-compote-pomme-prune-fruits-rouges.jpg 500w, https:\/\/www.cablanc.com\/wp-content\/uploads\/2024\/01\/cablanc-compote-pomme-prune-fruits-rouges-300x300.jpg 300w, https:\/\/www.cablanc.com\/wp-content\/uploads\/2024\/01\/cablanc-compote-pomme-prune-fruits-rouges-150x150.jpg 150w, https:\/\/www.cablanc.com\/wp-content\/uploads\/2024\/01\/cablanc-compote-pomme-prune-fruits-rouges-81x81.jpg 81w\" sizes=\"(max-width: 500px) 100vw, 500px\" \/><\/div><\/div><div class=\"wpb_column hcode-column-container text-center sm-text-center xs-text-center xs-padding-eight-bottom vc_col-sm-3 col-xs-mobile-fullwidth\" data-front-class=\"text-center sm-text-center xs-text-center xs-padding-eight-bottom col-xs-mobile-fullwidth\"><div class=\"vc-column-innner-wrapper\"><img loading=\"lazy\" decoding=\"async\" width=\"500\" height=\"500\" src=\"https:\/\/www.cablanc.com\/wp-content\/uploads\/2024\/01\/cablanc-compote-pomme-prune-mure.jpg\" class=\" zoom\" alt=\"\" srcset=\"https:\/\/www.cablanc.com\/wp-content\/uploads\/2024\/01\/cablanc-compote-pomme-prune-mure.jpg 500w, https:\/\/www.cablanc.com\/wp-content\/uploads\/2024\/01\/cablanc-compote-pomme-prune-mure-300x300.jpg 300w, https:\/\/www.cablanc.com\/wp-content\/uploads\/2024\/01\/cablanc-compote-pomme-prune-mure-150x150.jpg 150w, https:\/\/www.cablanc.com\/wp-content\/uploads\/2024\/01\/cablanc-compote-pomme-prune-mure-81x81.jpg 81w\" sizes=\"(max-width: 500px) 100vw, 500px\" \/><\/div><\/div><div class=\"wpb_column hcode-column-container text-center sm-text-center xs-text-center xs-padding-eight-bottom vc_col-sm-3 col-xs-mobile-fullwidth\" data-front-class=\"text-center sm-text-center xs-text-center xs-padding-eight-bottom col-xs-mobile-fullwidth\"><div class=\"vc-column-innner-wrapper\"><img loading=\"lazy\" decoding=\"async\" width=\"500\" height=\"500\" src=\"https:\/\/www.cablanc.com\/wp-content\/uploads\/2024\/01\/cablanc-confiture-fruits-rouges.jpg\" class=\" zoom\" alt=\"\" srcset=\"https:\/\/www.cablanc.com\/wp-content\/uploads\/2024\/01\/cablanc-confiture-fruits-rouges.jpg 500w, https:\/\/www.cablanc.com\/wp-content\/uploads\/2024\/01\/cablanc-confiture-fruits-rouges-300x300.jpg 300w, https:\/\/www.cablanc.com\/wp-content\/uploads\/2024\/01\/cablanc-confiture-fruits-rouges-150x150.jpg 150w, https:\/\/www.cablanc.com\/wp-content\/uploads\/2024\/01\/cablanc-confiture-fruits-rouges-81x81.jpg 81w\" sizes=\"(max-width: 500px) 100vw, 500px\" \/><\/div><\/div><div class=\"wpb_column hcode-column-container text-center sm-text-center xs-text-center vc_col-sm-3 col-xs-mobile-fullwidth\" data-front-class=\"text-center sm-text-center xs-text-center col-xs-mobile-fullwidth\"><div class=\"vc-column-innner-wrapper\"><img loading=\"lazy\" decoding=\"async\" width=\"500\" height=\"500\" src=\"https:\/\/www.cablanc.com\/wp-content\/uploads\/2024\/01\/cablanc-coulis-fruits-rouges.jpg\" class=\" zoom\" alt=\"\" srcset=\"https:\/\/www.cablanc.com\/wp-content\/uploads\/2024\/01\/cablanc-coulis-fruits-rouges.jpg 500w, https:\/\/www.cablanc.com\/wp-content\/uploads\/2024\/01\/cablanc-coulis-fruits-rouges-300x300.jpg 300w, https:\/\/www.cablanc.com\/wp-content\/uploads\/2024\/01\/cablanc-coulis-fruits-rouges-150x150.jpg 150w, https:\/\/www.cablanc.com\/wp-content\/uploads\/2024\/01\/cablanc-coulis-fruits-rouges-81x81.jpg 81w\" sizes=\"(max-width: 500px) 100vw, 500px\" \/><\/div><\/div><\/div><\/div><\/section><section class=\"row-equal-height row-content-top hcode-row-7\"><div class=\"container\"><div class=\"row hcode-row-flex\"><div class=\"wpb_column hcode-column-container text-center sm-text-center xs-text-center xs-padding-eight-bottom vc_col-sm-3 col-xs-mobile-fullwidth\" data-front-class=\"text-center sm-text-center xs-text-center xs-padding-eight-bottom col-xs-mobile-fullwidth\"><div class=\"vc-column-innner-wrapper\"><img loading=\"lazy\" decoding=\"async\" width=\"500\" height=\"500\" src=\"https:\/\/www.cablanc.com\/wp-content\/uploads\/2024\/01\/cablanc-veloute-courgette.jpg\" class=\" zoom\" alt=\"\" srcset=\"https:\/\/www.cablanc.com\/wp-content\/uploads\/2024\/01\/cablanc-veloute-courgette.jpg 500w, https:\/\/www.cablanc.com\/wp-content\/uploads\/2024\/01\/cablanc-veloute-courgette-300x300.jpg 300w, https:\/\/www.cablanc.com\/wp-content\/uploads\/2024\/01\/cablanc-veloute-courgette-150x150.jpg 150w, https:\/\/www.cablanc.com\/wp-content\/uploads\/2024\/01\/cablanc-veloute-courgette-81x81.jpg 81w\" sizes=\"(max-width: 500px) 100vw, 500px\" \/><\/div><\/div><div class=\"wpb_column hcode-column-container text-center sm-text-center xs-text-center xs-padding-eight-bottom vc_col-sm-3 col-xs-mobile-fullwidth\" data-front-class=\"text-center sm-text-center xs-text-center xs-padding-eight-bottom col-xs-mobile-fullwidth\"><div class=\"vc-column-innner-wrapper\"><img loading=\"lazy\" decoding=\"async\" width=\"500\" height=\"500\" src=\"https:\/\/www.cablanc.com\/wp-content\/uploads\/2024\/01\/cablanc-huile-essentielle-lavande.jpg\" class=\" zoom\" alt=\"\" srcset=\"https:\/\/www.cablanc.com\/wp-content\/uploads\/2024\/01\/cablanc-huile-essentielle-lavande.jpg 500w, https:\/\/www.cablanc.com\/wp-content\/uploads\/2024\/01\/cablanc-huile-essentielle-lavande-300x300.jpg 300w, https:\/\/www.cablanc.com\/wp-content\/uploads\/2024\/01\/cablanc-huile-essentielle-lavande-150x150.jpg 150w, https:\/\/www.cablanc.com\/wp-content\/uploads\/2024\/01\/cablanc-huile-essentielle-lavande-81x81.jpg 81w\" sizes=\"(max-width: 500px) 100vw, 500px\" \/><\/div><\/div><div class=\"wpb_column hcode-column-container text-center sm-text-center xs-text-center xs-padding-eight-bottom vc_col-sm-3 col-xs-mobile-fullwidth\" data-front-class=\"text-center sm-text-center xs-text-center xs-padding-eight-bottom col-xs-mobile-fullwidth\"><div class=\"vc-column-innner-wrapper\"><img loading=\"lazy\" decoding=\"async\" width=\"500\" height=\"500\" src=\"https:\/\/www.cablanc.com\/wp-content\/uploads\/2024\/01\/cablanc-hydrolat-lavande.jpg\" class=\" zoom\" alt=\"\" srcset=\"https:\/\/www.cablanc.com\/wp-content\/uploads\/2024\/01\/cablanc-hydrolat-lavande.jpg 500w, https:\/\/www.cablanc.com\/wp-content\/uploads\/2024\/01\/cablanc-hydrolat-lavande-300x300.jpg 300w, https:\/\/www.cablanc.com\/wp-content\/uploads\/2024\/01\/cablanc-hydrolat-lavande-150x150.jpg 150w, https:\/\/www.cablanc.com\/wp-content\/uploads\/2024\/01\/cablanc-hydrolat-lavande-81x81.jpg 81w\" sizes=\"(max-width: 500px) 100vw, 500px\" \/><\/div><\/div><div class=\"wpb_column hcode-column-container vc_col-sm-3 col-xs-mobile-fullwidth\" data-front-class=\"col-xs-mobile-fullwidth\"><div class=\"vc-column-innner-wrapper\"><\/div><\/div><\/div><\/div><\/section><section class=\"row-equal-height row-content-middle\"><div class=\"container\"><div class=\"row hcode-row-flex\"><div class=\"wpb_column hcode-column-container text-center sm-text-center xs-text-center vc_col-sm-2 col-xs-mobile-fullwidth\" data-front-class=\"text-center sm-text-center xs-text-center col-xs-mobile-fullwidth\"><div class=\"vc-column-innner-wrapper\"><\/div><\/div><div class=\"wpb_column hcode-column-container text-center sm-text-center xs-text-center vc_col-sm-8 col-xs-mobile-fullwidth\" data-front-class=\"text-center sm-text-center xs-text-center col-xs-mobile-fullwidth\"><div class=\"vc-column-innner-wrapper\"><a  href=\"https:\/\/www.cablanc.com\/wp-content\/uploads\/2023\/12\/Cablanc-Ferme-fruitiere-lavande.pdf\" target=\"_blank\"  class=\"inner-link button btn  hcode-button-1 highlight-button-dark btn-large\">Je soutiens l'agriculture locale<\/a><\/div><\/div><div class=\"wpb_column hcode-column-container vc_col-sm-2 col-xs-mobile-fullwidth\" data-front-class=\"col-xs-mobile-fullwidth\"><div class=\"vc-column-innner-wrapper\"><\/div><\/div><\/div><\/div><\/section>","protected":false},"excerpt":{"rendered":"<p>[vc_empty_space height=\u00a0\u00bb20px\u00a0\u00bb css=\u00a0\u00bb.vc_custom_1493901719403{background-color: #a4ab5e !important;}\u00a0\u00bb] [vc_empty_space height=\u00a0\u00bb8px\u00a0\u00bb]- ENTRACTE \u00c0 CABLANC &#8211; Cette saison, Cablanc sera en pause, nous ne prenons pas de r\u00e9servation. Cablanc, ferme fruiti\u00e8re biologique et bio-logique &nbsp; Pour un mode de vie plus durable et respectueux de notre plan\u00e8te Le bon sens d&rsquo;hier, avec les m\u00e9thodes d&rsquo;aujourd&rsquo;hui, pour les d\u00e9fis de demain [&hellip;]<\/p>\n","protected":false},"author":4,"featured_media":0,"parent":0,"menu_order":0,"comment_status":"closed","ping_status":"closed","template":"","meta":{"footnotes":""},"yoast_head":"<!-- This site is optimized with the Yoast SEO plugin v22.7 - https:\/\/yoast.com\/wordpress\/plugins\/seo\/ -->\n<title>Ferme fruiti\u00e8re biologique de l&#039;\u00e9colieu de Cablanc<\/title>\n<meta name=\"description\" content=\"D\u00e9couvrez les produits de la ferme fruiti\u00e8re de Cablanc : confitures, compotes, coulis de fruits, huiles essentielles,... et soutenez l&#039;agriculture locale !\" \/>\n<meta name=\"robots\" content=\"index, follow, max-snippet:-1, max-image-preview:large, max-video-preview:-1\" \/>\n<link rel=\"canonical\" href=\"https:\/\/www.cablanc.com\/accueil\/ferme-fruitiere\/\" \/>\n<meta property=\"og:locale\" content=\"fr_FR\" \/>\n<meta property=\"og:type\" content=\"article\" \/>\n<meta property=\"og:title\" content=\"Ferme fruiti\u00e8re biologique de l&#039;\u00e9colieu de Cablanc\" \/>\n<meta property=\"og:description\" content=\"D\u00e9couvrez les produits de la ferme fruiti\u00e8re de Cablanc : confitures, compotes, coulis de fruits, huiles essentielles,... et soutenez l&#039;agriculture locale !\" \/>\n<meta property=\"og:url\" content=\"https:\/\/www.cablanc.com\/accueil\/ferme-fruitiere\/\" \/>\n<meta property=\"og:site_name\" content=\"Cablanc - Les vacances authentiques en Dordogne\" \/>\n<meta property=\"article:modified_time\" content=\"2025-03-08T17:02:37+00:00\" \/>\n<meta name=\"twitter:card\" content=\"summary_large_image\" \/>\n<meta name=\"twitter:label1\" content=\"Dur\u00e9e de lecture estim\u00e9e\" \/>\n\t<meta name=\"twitter:data1\" content=\"3 minutes\" \/>\n<script type=\"application\/ld+json\" class=\"yoast-schema-graph\">{\"@context\":\"https:\/\/schema.org\",\"@graph\":[{\"@type\":\"WebPage\",\"@id\":\"https:\/\/www.cablanc.com\/accueil\/ferme-fruitiere\/\",\"url\":\"https:\/\/www.cablanc.com\/accueil\/ferme-fruitiere\/\",\"name\":\"Ferme fruiti\u00e8re biologique de l'\u00e9colieu de Cablanc\",\"isPartOf\":{\"@id\":\"https:\/\/www.cablanc.com\/accueil\/#website\"},\"datePublished\":\"2024-01-19T14:56:31+00:00\",\"dateModified\":\"2025-03-08T17:02:37+00:00\",\"description\":\"D\u00e9couvrez les produits de la ferme fruiti\u00e8re de Cablanc : confitures, compotes, coulis de fruits, huiles essentielles,... et soutenez l'agriculture locale !\",\"breadcrumb\":{\"@id\":\"https:\/\/www.cablanc.com\/accueil\/ferme-fruitiere\/#breadcrumb\"},\"inLanguage\":\"fr-FR\",\"potentialAction\":[{\"@type\":\"ReadAction\",\"target\":[\"https:\/\/www.cablanc.com\/accueil\/ferme-fruitiere\/\"]}]},{\"@type\":\"BreadcrumbList\",\"@id\":\"https:\/\/www.cablanc.com\/accueil\/ferme-fruitiere\/#breadcrumb\",\"itemListElement\":[{\"@type\":\"ListItem\",\"position\":1,\"name\":\"Accueil\",\"item\":\"https:\/\/www.cablanc.com\/accueil\/\"},{\"@type\":\"ListItem\",\"position\":2,\"name\":\"Ferme fruiti\u00e8re\"}]},{\"@type\":\"WebSite\",\"@id\":\"https:\/\/www.cablanc.com\/accueil\/#website\",\"url\":\"https:\/\/www.cablanc.com\/accueil\/\",\"name\":\"Cablanc - Les vacances authentiques en Dordogne\",\"description\":\"\",\"potentialAction\":[{\"@type\":\"SearchAction\",\"target\":{\"@type\":\"EntryPoint\",\"urlTemplate\":\"https:\/\/www.cablanc.com\/accueil\/?s={search_term_string}\"},\"query-input\":\"required name=search_term_string\"}],\"inLanguage\":\"fr-FR\"}]}<\/script>\n<!-- \/ Yoast SEO plugin. -->","yoast_head_json":{"title":"Ferme fruiti\u00e8re biologique de l'\u00e9colieu de Cablanc","description":"D\u00e9couvrez les produits de la ferme fruiti\u00e8re de Cablanc : confitures, compotes, coulis de fruits, huiles essentielles,... et soutenez l'agriculture locale !","robots":{"index":"index","follow":"follow","max-snippet":"max-snippet:-1","max-image-preview":"max-image-preview:large","max-video-preview":"max-video-preview:-1"},"canonical":"https:\/\/www.cablanc.com\/accueil\/ferme-fruitiere\/","og_locale":"fr_FR","og_type":"article","og_title":"Ferme fruiti\u00e8re biologique de l'\u00e9colieu de Cablanc","og_description":"D\u00e9couvrez les produits de la ferme fruiti\u00e8re de Cablanc : confitures, compotes, coulis de fruits, huiles essentielles,... et soutenez l'agriculture locale !","og_url":"https:\/\/www.cablanc.com\/accueil\/ferme-fruitiere\/","og_site_name":"Cablanc - Les vacances authentiques en Dordogne","article_modified_time":"2025-03-08T17:02:37+00:00","twitter_card":"summary_large_image","twitter_misc":{"Dur\u00e9e de lecture estim\u00e9e":"3 minutes"},"schema":{"@context":"https:\/\/schema.org","@graph":[{"@type":"WebPage","@id":"https:\/\/www.cablanc.com\/accueil\/ferme-fruitiere\/","url":"https:\/\/www.cablanc.com\/accueil\/ferme-fruitiere\/","name":"Ferme fruiti\u00e8re biologique de l'\u00e9colieu de Cablanc","isPartOf":{"@id":"https:\/\/www.cablanc.com\/accueil\/#website"},"datePublished":"2024-01-19T14:56:31+00:00","dateModified":"2025-03-08T17:02:37+00:00","description":"D\u00e9couvrez les produits de la ferme fruiti\u00e8re de Cablanc : confitures, compotes, coulis de fruits, huiles essentielles,... et soutenez l'agriculture locale !","breadcrumb":{"@id":"https:\/\/www.cablanc.com\/accueil\/ferme-fruitiere\/#breadcrumb"},"inLanguage":"fr-FR","potentialAction":[{"@type":"ReadAction","target":["https:\/\/www.cablanc.com\/accueil\/ferme-fruitiere\/"]}]},{"@type":"BreadcrumbList","@id":"https:\/\/www.cablanc.com\/accueil\/ferme-fruitiere\/#breadcrumb","itemListElement":[{"@type":"ListItem","position":1,"name":"Accueil","item":"https:\/\/www.cablanc.com\/accueil\/"},{"@type":"ListItem","position":2,"name":"Ferme fruiti\u00e8re"}]},{"@type":"WebSite","@id":"https:\/\/www.cablanc.com\/accueil\/#website","url":"https:\/\/www.cablanc.com\/accueil\/","name":"Cablanc - Les vacances authentiques en Dordogne","description":"","potentialAction":[{"@type":"SearchAction","target":{"@type":"EntryPoint","urlTemplate":"https:\/\/www.cablanc.com\/accueil\/?s={search_term_string}"},"query-input":"required name=search_term_string"}],"inLanguage":"fr-FR"}]}},"_links":{"self":[{"href":"https:\/\/www.cablanc.com\/accueil\/wp-json\/wp\/v2\/pages\/2172"}],"collection":[{"href":"https:\/\/www.cablanc.com\/accueil\/wp-json\/wp\/v2\/pages"}],"about":[{"href":"https:\/\/www.cablanc.com\/accueil\/wp-json\/wp\/v2\/types\/page"}],"author":[{"embeddable":true,"href":"https:\/\/www.cablanc.com\/accueil\/wp-json\/wp\/v2\/users\/4"}],"replies":[{"embeddable":true,"href":"https:\/\/www.cablanc.com\/accueil\/wp-json\/wp\/v2\/comments?post=2172"}],"version-history":[{"count":15,"href":"https:\/\/www.cablanc.com\/accueil\/wp-json\/wp\/v2\/pages\/2172\/revisions"}],"predecessor-version":[{"id":2315,"href":"https:\/\/www.cablanc.com\/accueil\/wp-json\/wp\/v2\/pages\/2172\/revisions\/2315"}],"wp:attachment":[{"href":"https:\/\/www.cablanc.com\/accueil\/wp-json\/wp\/v2\/media?parent=2172"}],"curies":[{"name":"wp","href":"https:\/\/api.w.org\/{rel}","templated":true}]}}